{"id":73,"date":"2024-12-13T16:45:45","date_gmt":"2024-12-13T16:45:45","guid":{"rendered":"https:\/\/up-bustoeolcella.it\/?page_id=73"},"modified":"2026-05-09T01:38:07","modified_gmt":"2026-05-08T23:38:07","slug":"avvisi","status":"publish","type":"page","link":"https:\/\/up-bustoeolcella.it\/?page_id=73","title":{"rendered":"AVVISI"},"content":{"rendered":"\n<h3 class=\"wp-block-heading\">Per restare pi\u00f9 connessi <a href=\"https:\/\/whatsapp.com\/channel\/0029VaHmc0t3GJOwQUEJl33d\">unisciti al canale WhatsApp<\/a> dell&#8217;Unit\u00e0 Pastorale e ricevi tutti gli avvisi pi\u00f9 importanti sulle attivit\u00e0 della Comunit\u00e0. <\/h3>\n\n\n\n<h2 class=\"wp-block-heading has-text-align-left\"><em>Online gli avvisi dal 10 al 17 maggio<\/em><\/h2>\n\n\n\n<figure class=\"wp-block-image size-large\"><img loading=\"lazy\" decoding=\"async\" width=\"724\" height=\"1024\" src=\"https:\/\/up-bustoeolcella.it\/wp-content\/uploads\/2026\/05\/WhatsApp-Image-2026-05-09-at-00.00.13-724x1024.jpeg\" alt=\"\" class=\"wp-image-2328\" srcset=\"https:\/\/up-bustoeolcella.it\/wp-content\/uploads\/2026\/05\/WhatsApp-Image-2026-05-09-at-00.00.13-724x1024.jpeg 724w, https:\/\/up-bustoeolcella.it\/wp-content\/uploads\/2026\/05\/WhatsApp-Image-2026-05-09-at-00.00.13-106x150.jpeg 106w, https:\/\/up-bustoeolcella.it\/wp-content\/uploads\/2026\/05\/WhatsApp-Image-2026-05-09-at-00.00.13-768x1087.jpeg 768w, https:\/\/up-bustoeolcella.it\/wp-content\/uploads\/2026\/05\/WhatsApp-Image-2026-05-09-at-00.00.13-1085x1536.jpeg 1085w, https:\/\/up-bustoeolcella.it\/wp-content\/uploads\/2026\/05\/WhatsApp-Image-2026-05-09-at-00.00.13.jpeg 1447w\" sizes=\"auto, (max-width: 724px) 100vw, 724px\" \/><\/figure>\n\n\n\n<figure class=\"wp-block-image size-large is-resized\"><img loading=\"lazy\" decoding=\"async\" width=\"724\" height=\"1024\" src=\"https:\/\/up-bustoeolcella.it\/wp-content\/uploads\/2026\/05\/WhatsApp-Image-2026-05-09-at-00.00.14-724x1024.jpeg\" alt=\"\" class=\"wp-image-2329\" style=\"width:724px;height:auto\" srcset=\"https:\/\/up-bustoeolcella.it\/wp-content\/uploads\/2026\/05\/WhatsApp-Image-2026-05-09-at-00.00.14-724x1024.jpeg 724w, https:\/\/up-bustoeolcella.it\/wp-content\/uploads\/2026\/05\/WhatsApp-Image-2026-05-09-at-00.00.14-106x150.jpeg 106w, https:\/\/up-bustoeolcella.it\/wp-content\/uploads\/2026\/05\/WhatsApp-Image-2026-05-09-at-00.00.14-768x1087.jpeg 768w, https:\/\/up-bustoeolcella.it\/wp-content\/uploads\/2026\/05\/WhatsApp-Image-2026-05-09-at-00.00.14-1085x1536.jpeg 1085w, https:\/\/up-bustoeolcella.it\/wp-content\/uploads\/2026\/05\/WhatsApp-Image-2026-05-09-at-00.00.14.jpeg 1447w\" sizes=\"auto, (max-width: 724px) 100vw, 724px\" \/><\/figure>\n\n\n\n<h2 class=\"wp-block-heading\"><em>La scorsa settimana<\/em><\/h2>\n\n\n\n<figure class=\"wp-block-image size-large\"><img loading=\"lazy\" decoding=\"async\" width=\"724\" height=\"1024\" src=\"https:\/\/up-bustoeolcella.it\/wp-content\/uploads\/2026\/05\/WhatsApp-Image-2026-05-03-at-21.31.00-724x1024.jpeg\" alt=\"\" class=\"wp-image-2294\" srcset=\"https:\/\/up-bustoeolcella.it\/wp-content\/uploads\/2026\/05\/WhatsApp-Image-2026-05-03-at-21.31.00-724x1024.jpeg 724w, https:\/\/up-bustoeolcella.it\/wp-content\/uploads\/2026\/05\/WhatsApp-Image-2026-05-03-at-21.31.00-106x150.jpeg 106w, https:\/\/up-bustoeolcella.it\/wp-content\/uploads\/2026\/05\/WhatsApp-Image-2026-05-03-at-21.31.00-768x1087.jpeg 768w, https:\/\/up-bustoeolcella.it\/wp-content\/uploads\/2026\/05\/WhatsApp-Image-2026-05-03-at-21.31.00-1085x1536.jpeg 1085w, https:\/\/up-bustoeolcella.it\/wp-content\/uploads\/2026\/05\/WhatsApp-Image-2026-05-03-at-21.31.00.jpeg 1447w\" sizes=\"auto, (max-width: 724px) 100vw, 724px\" \/><\/figure>\n\n\n\n<figure class=\"wp-block-image size-large\"><img loading=\"lazy\" decoding=\"async\" width=\"724\" height=\"1024\" src=\"https:\/\/up-bustoeolcella.it\/wp-content\/uploads\/2026\/05\/WhatsApp-Image-2026-05-03-at-21.31.01-724x1024.jpeg\" alt=\"\" class=\"wp-image-2295\" srcset=\"https:\/\/up-bustoeolcella.it\/wp-content\/uploads\/2026\/05\/WhatsApp-Image-2026-05-03-at-21.31.01-724x1024.jpeg 724w, https:\/\/up-bustoeolcella.it\/wp-content\/uploads\/2026\/05\/WhatsApp-Image-2026-05-03-at-21.31.01-106x150.jpeg 106w, https:\/\/up-bustoeolcella.it\/wp-content\/uploads\/2026\/05\/WhatsApp-Image-2026-05-03-at-21.31.01-768x1087.jpeg 768w, https:\/\/up-bustoeolcella.it\/wp-content\/uploads\/2026\/05\/WhatsApp-Image-2026-05-03-at-21.31.01-1085x1536.jpeg 1085w, https:\/\/up-bustoeolcella.it\/wp-content\/uploads\/2026\/05\/WhatsApp-Image-2026-05-03-at-21.31.01.jpeg 1447w\" sizes=\"auto, (max-width: 724px) 100vw, 724px\" \/><\/figure>\n\n\n\n<figure class=\"wp-block-image size-large is-resized\"><img loading=\"lazy\" decoding=\"async\" width=\"724\" height=\"1024\" src=\"https:\/\/up-bustoeolcella.it\/wp-content\/uploads\/2026\/05\/WhatsApp-Image-2026-05-03-at-21.31.01-1-724x1024.jpeg\" alt=\"\" class=\"wp-image-2296\" style=\"width:724px;height:auto\" srcset=\"https:\/\/up-bustoeolcella.it\/wp-content\/uploads\/2026\/05\/WhatsApp-Image-2026-05-03-at-21.31.01-1-724x1024.jpeg 724w, https:\/\/up-bustoeolcella.it\/wp-content\/uploads\/2026\/05\/WhatsApp-Image-2026-05-03-at-21.31.01-1-106x150.jpeg 106w, https:\/\/up-bustoeolcella.it\/wp-content\/uploads\/2026\/05\/WhatsApp-Image-2026-05-03-at-21.31.01-1-768x1087.jpeg 768w, https:\/\/up-bustoeolcella.it\/wp-content\/uploads\/2026\/05\/WhatsApp-Image-2026-05-03-at-21.31.01-1-1085x1536.jpeg 1085w, https:\/\/up-bustoeolcella.it\/wp-content\/uploads\/2026\/05\/WhatsApp-Image-2026-05-03-at-21.31.01-1.jpeg 1447w\" sizes=\"auto, (max-width: 724px) 100vw, 724px\" \/><\/figure>\n\n\n\n<figure class=\"wp-block-image size-large\"><img loading=\"lazy\" decoding=\"async\" width=\"724\" height=\"1024\" src=\"https:\/\/up-bustoeolcella.it\/wp-content\/uploads\/2026\/05\/WhatsApp-Image-2026-05-03-at-21.31.01-2-724x1024.jpeg\" alt=\"\" class=\"wp-image-2297\" srcset=\"https:\/\/up-bustoeolcella.it\/wp-content\/uploads\/2026\/05\/WhatsApp-Image-2026-05-03-at-21.31.01-2-724x1024.jpeg 724w, https:\/\/up-bustoeolcella.it\/wp-content\/uploads\/2026\/05\/WhatsApp-Image-2026-05-03-at-21.31.01-2-106x150.jpeg 106w, https:\/\/up-bustoeolcella.it\/wp-content\/uploads\/2026\/05\/WhatsApp-Image-2026-05-03-at-21.31.01-2-768x1087.jpeg 768w, https:\/\/up-bustoeolcella.it\/wp-content\/uploads\/2026\/05\/WhatsApp-Image-2026-05-03-at-21.31.01-2-1085x1536.jpeg 1085w, https:\/\/up-bustoeolcella.it\/wp-content\/uploads\/2026\/05\/WhatsApp-Image-2026-05-03-at-21.31.01-2.jpeg 1447w\" sizes=\"auto, (max-width: 724px) 100vw, 724px\" \/><\/figure>\n","protected":false},"excerpt":{"rendered":"<p>Per restare pi\u00f9 connessi unisciti al canale WhatsApp dell&#8217;Unit\u00e0 Pastorale e ricevi tutti gli avvisi pi\u00f9 importanti sulle attivit\u00e0 della Comunit\u00e0. Online gli avvisi dal 10 al 17 maggio La scorsa settimana<\/p>\n","protected":false},"author":1,"featured_media":0,"parent":0,"menu_order":0,"comment_status":"closed","ping_status":"closed","template":"","meta":{"advanced_seo_description":"","jetpack_seo_html_title":"","jetpack_seo_noindex":false,"footnotes":""},"class_list":["post-73","page","type-page","status-publish","hentry"],"jetpack_sharing_enabled":true,"_links":{"self":[{"href":"https:\/\/up-bustoeolcella.it\/index.php?rest_route=\/wp\/v2\/pages\/73","targetHints":{"allow":["GET"]}}],"collection":[{"href":"https:\/\/up-bustoeolcella.it\/index.php?rest_route=\/wp\/v2\/pages"}],"about":[{"href":"https:\/\/up-bustoeolcella.it\/index.php?rest_route=\/wp\/v2\/types\/page"}],"author":[{"embeddable":true,"href":"https:\/\/up-bustoeolcella.it\/index.php?rest_route=\/wp\/v2\/users\/1"}],"replies":[{"embeddable":true,"href":"https:\/\/up-bustoeolcella.it\/index.php?rest_route=%2Fwp%2Fv2%2Fcomments&post=73"}],"version-history":[{"count":88,"href":"https:\/\/up-bustoeolcella.it\/index.php?rest_route=\/wp\/v2\/pages\/73\/revisions"}],"predecessor-version":[{"id":2330,"href":"https:\/\/up-bustoeolcella.it\/index.php?rest_route=\/wp\/v2\/pages\/73\/revisions\/2330"}],"wp:attachment":[{"href":"https:\/\/up-bustoeolcella.it\/index.php?rest_route=%2Fwp%2Fv2%2Fmedia&parent=73"}],"curies":[{"name":"wp","href":"https:\/\/api.w.org\/{rel}","templated":true}]}}